{"id":24,"date":"2024-07-17T10:15:31","date_gmt":"2024-07-17T08:15:31","guid":{"rendered":"https:\/\/luxuriusmeble.pl\/?page_id=24"},"modified":"2025-09-16T21:00:42","modified_gmt":"2025-09-16T19:00:42","slug":"o-nas","status":"publish","type":"page","link":"https:\/\/luxuriusmeble.pl\/index.php\/o-nas\/","title":{"rendered":"Zesp\u00f3\u0142"},"content":{"rendered":"<style>.kb-row-layout-id24_d8b9ab-9c > .kt-row-column-wrap{align-content:end;}:where(.kb-row-layout-id24_d8b9ab-9c > .kt-row-column-wrap) > .wp-block-kadence-column{justify-content:end;}.kb-row-layout-id24_d8b9ab-9c > .kt-row-column-wrap{column-gap:var(--global-kb-gap-lg, 4rem);row-gap:var(--global-kb-gap-lg, 4rem);max-width:var( --global-content-width, 1920px );padding-left:var(--global-content-edge-padding);padding-right:var(--global-content-edge-padding);padding-top:var(--global-kb-spacing-md, 2rem);padding-bottom:var(--global-kb-spacing-md, 2rem);grid-template-columns:minmax(0, 2fr) minmax(0, 1fr);}.kb-row-layout-id24_d8b9ab-9c > .kt-row-layout-overlay{opacity:0.30;}@media all and (max-width: 1024px){.kb-row-layout-id24_d8b9ab-9c > .kt-row-column-wrap{grid-template-columns:minmax(0, 2fr) minmax(0, 1fr);}}@media all and (max-width: 767px){.kb-row-layout-id24_d8b9ab-9c > .kt-row-column-wrap{grid-template-columns:minmax(0, 1fr);}}<\/style><div class=\"kb-row-layout-wrap kb-row-layout-id24_d8b9ab-9c alignfull has-theme-palette9-background-color kt-row-has-bg wp-block-kadence-rowlayout\"><div class=\"kt-row-column-wrap kt-has-2-columns kt-row-layout-left-golden kt-tab-layout-inherit kt-mobile-layout-row kt-row-valign-bottom kb-theme-content-width\">\n<style>.kadence-column24_b4cce9-c0 > .kt-inside-inner-col{display:flex;}.kadence-column24_b4cce9-c0 > .kt-inside-inner-col{padding-bottom:0px;}.kadence-column24_b4cce9-c0 > .kt-inside-inner-col,.kadence-column24_b4cce9-c0 > .kt-inside-inner-col:before{border-top-left-radius:0px;border-top-right-radius:0px;border-bottom-right-radius:0px;border-bottom-left-radius:0px;}.kadence-column24_b4cce9-c0 > .kt-inside-inner-col{column-gap:var(--global-kb-gap-sm, 1rem);}.kadence-column24_b4cce9-c0 > .kt-inside-inner-col{flex-direction:column;justify-content:flex-start;}.kadence-column24_b4cce9-c0 > .kt-inside-inner-col > .aligncenter{width:100%;}.kt-row-column-wrap > .kadence-column24_b4cce9-c0{align-self:flex-start;}.kt-inner-column-height-full:not(.kt-has-1-columns) > .wp-block-kadence-column.kadence-column24_b4cce9-c0{align-self:auto;}.kt-inner-column-height-full:not(.kt-has-1-columns) > .wp-block-kadence-column.kadence-column24_b4cce9-c0 > .kt-inside-inner-col{flex-direction:column;justify-content:flex-start;}.kadence-column24_b4cce9-c0 > .kt-inside-inner-col:before{opacity:0.3;}.kadence-column24_b4cce9-c0{position:relative;}.kadence-column24_b4cce9-c0, .kt-inside-inner-col > .kadence-column24_b4cce9-c0:not(.specificity){margin-bottom:0px;}@media all and (max-width: 1024px){.kt-row-column-wrap > .kadence-column24_b4cce9-c0{align-self:flex-start;}}@media all and (max-width: 1024px){.kt-inner-column-height-full:not(.kt-has-1-columns) > .wp-block-kadence-column.kadence-column24_b4cce9-c0{align-self:auto;}}@media all and (max-width: 1024px){.kt-inner-column-height-full:not(.kt-has-1-columns) > .wp-block-kadence-column.kadence-column24_b4cce9-c0 > .kt-inside-inner-col{flex-direction:column;justify-content:flex-start;}}@media all and (max-width: 1024px){.kadence-column24_b4cce9-c0 > .kt-inside-inner-col{flex-direction:column;justify-content:flex-start;}}@media all and (max-width: 767px){.kt-row-column-wrap > .kadence-column24_b4cce9-c0{align-self:flex-start;}.kt-inner-column-height-full:not(.kt-has-1-columns) > .wp-block-kadence-column.kadence-column24_b4cce9-c0{align-self:auto;}.kt-inner-column-height-full:not(.kt-has-1-columns) > .wp-block-kadence-column.kadence-column24_b4cce9-c0 > .kt-inside-inner-col{flex-direction:column;justify-content:flex-start;}.kadence-column24_b4cce9-c0 > .kt-inside-inner-col{flex-direction:column;justify-content:flex-start;}}<\/style>\n<div class=\"wp-block-kadence-column kadence-column24_b4cce9-c0 kb-section-dir-vertical inner-column-2\"><div class=\"kt-inside-inner-col\"><style>.wp-block-kadence-advancedheading.kt-adv-heading24_837e06-8a, .wp-block-kadence-advancedheading.kt-adv-heading24_837e06-8a[data-kb-block=\"kb-adv-heading24_837e06-8a\"]{padding-top:0px;padding-bottom:var(--global-kb-spacing-sm, 1.5rem);margin-top:0px;margin-bottom:0px;font-size:var(--global-kb-font-size-xl, 3rem);line-height:1.2;font-style:normal;}.wp-block-kadence-advancedheading.kt-adv-heading24_837e06-8a mark.kt-highlight, .wp-block-kadence-advancedheading.kt-adv-heading24_837e06-8a[data-kb-block=\"kb-adv-heading24_837e06-8a\"] mark.kt-highlight{font-style:normal;color:#f76a0c;-webkit-box-decoration-break:clone;box-decoration-break:clone;padding-top:0px;padding-right:0px;padding-bottom:0px;padding-left:0px;}<\/style>\n<h2 class=\"kt-adv-heading24_837e06-8a wp-block-kadence-advancedheading has-theme-palette-3-color has-text-color\" data-kb-block=\"kb-adv-heading24_837e06-8a\">Zesp\u00f3\u0142<\/h2>\n<\/div><\/div>\n\n\n<style>.kadence-column24_ed8c58-43 > .kt-inside-inner-col,.kadence-column24_ed8c58-43 > .kt-inside-inner-col:before{border-top-left-radius:0px;border-top-right-radius:0px;border-bottom-right-radius:0px;border-bottom-left-radius:0px;}.kadence-column24_ed8c58-43 > .kt-inside-inner-col{column-gap:var(--global-kb-gap-sm, 1rem);}.kadence-column24_ed8c58-43 > .kt-inside-inner-col{flex-direction:column;}.kadence-column24_ed8c58-43 > .kt-inside-inner-col > .aligncenter{width:100%;}.kadence-column24_ed8c58-43 > .kt-inside-inner-col:before{opacity:0.3;}.kadence-column24_ed8c58-43{position:relative;}@media all and (max-width: 1024px){.kadence-column24_ed8c58-43 > .kt-inside-inner-col{flex-direction:column;justify-content:center;}}@media all and (max-width: 767px){.kadence-column24_ed8c58-43 > .kt-inside-inner-col{flex-direction:column;justify-content:center;}}<\/style>\n<div class=\"wp-block-kadence-column kadence-column24_ed8c58-43\"><div class=\"kt-inside-inner-col\"><style>.wp-block-kadence-advancedheading.kt-adv-heading24_7e4736-a0, .wp-block-kadence-advancedheading.kt-adv-heading24_7e4736-a0[data-kb-block=\"kb-adv-heading24_7e4736-a0\"]{padding-top:0px;padding-bottom:var(--global-kb-spacing-sm, 1.5rem);margin-top:0px;margin-bottom:0px;text-align:right;font-size:var(--global-kb-font-size-md, 1.25rem);font-style:normal;}.wp-block-kadence-advancedheading.kt-adv-heading24_7e4736-a0 mark.kt-highlight, .wp-block-kadence-advancedheading.kt-adv-heading24_7e4736-a0[data-kb-block=\"kb-adv-heading24_7e4736-a0\"] mark.kt-highlight{font-style:normal;color:#f76a0c;-webkit-box-decoration-break:clone;box-decoration-break:clone;padding-top:0px;padding-right:0px;padding-bottom:0px;padding-left:0px;}<\/style>\n<p class=\"kt-adv-heading24_7e4736-a0 wp-block-kadence-advancedheading has-theme-palette-4-color has-text-color\" data-kb-block=\"kb-adv-heading24_7e4736-a0\">Wiemy jak wa\u017cne jest stworzenie dla klient\u00f3w mebli i przestrzeni, kt\u00f3re zapewni\u0105 komfort i satysfakcj\u0119.<\/p>\n<\/div><\/div>\n\n<\/div><\/div>\n\n<style>.kb-row-layout-id24_e240f5-78 > .kt-row-column-wrap{align-content:start;}:where(.kb-row-layout-id24_e240f5-78 > .kt-row-column-wrap) > .wp-block-kadence-column{justify-content:start;}.kb-row-layout-id24_e240f5-78 > .kt-row-column-wrap{column-gap:var(--global-kb-gap-md, 2rem);row-gap:var(--global-kb-gap-md, 2rem);max-width:1700px;margin-left:auto;margin-right:auto;padding-top:0px;padding-right:0px;padding-bottom:0px;padding-left:0px;grid-template-columns:minmax(0, 1fr);}.kb-row-layout-id24_e240f5-78{background-image:url('https:\/\/luxuriusmeble.pl\/wp-content\/uploads\/2024\/07\/beautiful-kitchen-design-2023-11-27-05-16-47-utc-Kopiowanie.webp');background-size:cover;background-position:center center;background-attachment:scroll;background-repeat:no-repeat;}.kb-row-layout-id24_e240f5-78 > .kt-row-layout-overlay{opacity:1;}@media all and (max-width: 1024px){.kb-row-layout-id24_e240f5-78 > .kt-row-column-wrap{padding-right:var(--global-kb-spacing-4xl, 8rem);padding-left:var(--global-kb-spacing-4xl, 8rem);grid-template-columns:minmax(0, 1fr);}}@media all and (max-width: 767px){.kb-row-layout-id24_e240f5-78 > .kt-row-column-wrap{padding-right:0px;padding-left:0px;grid-template-columns:minmax(0, 1fr);}}<\/style><div class=\"kb-row-layout-wrap kb-row-layout-id24_e240f5-78 alignnone kt-row-has-bg wp-block-kadence-rowlayout\"><div class=\"kt-row-column-wrap kt-has-1-columns kt-row-layout-equal kt-tab-layout-inherit kt-mobile-layout-row kt-row-valign-top\">\n<style>.kadence-column24_e4d01a-20 > .kt-inside-inner-col,.kadence-column24_e4d01a-20 > .kt-inside-inner-col:before{border-top-left-radius:0px;border-top-right-radius:0px;border-bottom-right-radius:0px;border-bottom-left-radius:0px;}.kadence-column24_e4d01a-20 > .kt-inside-inner-col{column-gap:var(--global-kb-gap-sm, 1rem);}.kadence-column24_e4d01a-20 > .kt-inside-inner-col{flex-direction:column;}.kadence-column24_e4d01a-20 > .kt-inside-inner-col > .aligncenter{width:100%;}.kadence-column24_e4d01a-20 > .kt-inside-inner-col:before{opacity:0.5;}.kadence-column24_e4d01a-20{position:relative;}@media all and (max-width: 1024px){.kadence-column24_e4d01a-20 > .kt-inside-inner-col{flex-direction:column;justify-content:center;}}@media all and (max-width: 767px){.kadence-column24_e4d01a-20 > .kt-inside-inner-col{flex-direction:column;justify-content:center;}}<\/style>\n<div class=\"wp-block-kadence-column kadence-column24_e4d01a-20 kb-section-has-overlay\"><div class=\"kt-inside-inner-col\">\n<div style=\"height:200px\" aria-hidden=\"true\" class=\"wp-block-spacer\"><\/div>\n<\/div><\/div>\n\n<\/div><\/div>\n\n<style>.kb-row-layout-id24_daff63-46 > .kt-row-column-wrap{align-content:start;}:where(.kb-row-layout-id24_daff63-46 > .kt-row-column-wrap) > .wp-block-kadence-column{justify-content:start;}.kb-row-layout-id24_daff63-46 > .kt-row-column-wrap{column-gap:var(--global-kb-gap-md, 2rem);row-gap:var(--global-kb-gap-md, 2rem);max-width:1600px;margin-left:auto;margin-right:auto;padding-bottom:var(--global-kb-spacing-sm, 1.5rem);grid-template-columns:minmax(0, 1fr);}.kb-row-layout-id24_daff63-46 > .kt-row-layout-overlay{opacity:0.30;}@media all and (max-width: 1024px){.kb-row-layout-id24_daff63-46 > .kt-row-column-wrap{grid-template-columns:minmax(0, 1fr);}}@media all and (max-width: 767px){.kb-row-layout-id24_daff63-46 > .kt-row-column-wrap{grid-template-columns:minmax(0, 1fr);}}<\/style><div class=\"kb-row-layout-wrap kb-row-layout-id24_daff63-46 alignfull has-theme-palette9-background-color kt-row-has-bg wp-block-kadence-rowlayout\"><div class=\"kt-row-column-wrap kt-has-1-columns kt-row-layout-equal kt-tab-layout-inherit kt-mobile-layout-row kt-row-valign-top\">\n<style>.kadence-column24_857abd-07 > .kt-inside-inner-col,.kadence-column24_857abd-07 > .kt-inside-inner-col:before{border-top-left-radius:0px;border-top-right-radius:0px;border-bottom-right-radius:0px;border-bottom-left-radius:0px;}.kadence-column24_857abd-07 > .kt-inside-inner-col{column-gap:var(--global-kb-gap-sm, 1rem);}.kadence-column24_857abd-07 > .kt-inside-inner-col{flex-direction:column;}.kadence-column24_857abd-07 > .kt-inside-inner-col > .aligncenter{width:100%;}.kadence-column24_857abd-07 > .kt-inside-inner-col:before{opacity:0.3;}.kadence-column24_857abd-07{position:relative;}@media all and (max-width: 1024px){.kadence-column24_857abd-07 > .kt-inside-inner-col{flex-direction:column;justify-content:center;}}@media all and (max-width: 767px){.kadence-column24_857abd-07 > .kt-inside-inner-col{flex-direction:column;justify-content:center;}}<\/style>\n<div class=\"wp-block-kadence-column kadence-column24_857abd-07\"><div class=\"kt-inside-inner-col\"><style>.kb-row-layout-wrap.wp-block-kadence-rowlayout.kb-row-layout-id24_4e97d7-29{margin-top:var(--global-kb-spacing-xl, 4rem);}.kb-row-layout-id24_4e97d7-29 > .kt-row-column-wrap{align-content:center;}:where(.kb-row-layout-id24_4e97d7-29 > .kt-row-column-wrap) > .wp-block-kadence-column{justify-content:center;}.kb-row-layout-id24_4e97d7-29 > .kt-row-column-wrap{column-gap:var(--global-kb-gap-md, 2rem);row-gap:var(--global-kb-gap-md, 2rem);max-width:1600px;margin-left:auto;margin-right:auto;padding-top:0px;padding-right:0px;padding-bottom:0px;padding-left:0px;grid-template-columns:minmax(0, 1fr);}.kb-row-layout-id24_4e97d7-29 > .kt-row-layout-overlay{opacity:0.30;}@media all and (max-width: 1024px){.kb-row-layout-id24_4e97d7-29 > .kt-row-column-wrap{padding-right:var(--global-kb-spacing-4xl, 8rem);padding-left:var(--global-kb-spacing-4xl, 8rem);grid-template-columns:minmax(0, 1fr);}}@media all and (max-width: 767px){.kb-row-layout-id24_4e97d7-29 > .kt-row-column-wrap{padding-right:0px;padding-left:0px;grid-template-columns:minmax(0, 1fr);}}<\/style><div class=\"kb-row-layout-wrap kb-row-layout-id24_4e97d7-29 alignnone wp-block-kadence-rowlayout\"><div class=\"kt-row-column-wrap kt-has-1-columns kt-row-layout-equal kt-tab-layout-inherit kt-mobile-layout-row kt-row-valign-middle\">\n<style>.kadence-column24_f1666f-3e > .kt-inside-inner-col,.kadence-column24_f1666f-3e > .kt-inside-inner-col:before{border-top-left-radius:0px;border-top-right-radius:0px;border-bottom-right-radius:0px;border-bottom-left-radius:0px;}.kadence-column24_f1666f-3e > .kt-inside-inner-col{column-gap:var(--global-kb-gap-sm, 1rem);}.kadence-column24_f1666f-3e > .kt-inside-inner-col{flex-direction:column;}.kadence-column24_f1666f-3e > .kt-inside-inner-col > .aligncenter{width:100%;}.kadence-column24_f1666f-3e > .kt-inside-inner-col:before{opacity:0.3;}.kadence-column24_f1666f-3e{position:relative;}.kadence-column24_f1666f-3e, .kt-inside-inner-col > .kadence-column24_f1666f-3e:not(.specificity){margin-right:var(--global-kb-spacing-4xl, 8rem);}@media all and (max-width: 1024px){.kadence-column24_f1666f-3e > .kt-inside-inner-col{flex-direction:column;justify-content:center;}}@media all and (max-width: 1024px){.kadence-column24_f1666f-3e, .kt-inside-inner-col > .kadence-column24_f1666f-3e:not(.specificity){margin-right:0px;}}@media all and (max-width: 767px){.kadence-column24_f1666f-3e > .kt-inside-inner-col{flex-direction:column;justify-content:center;}}<\/style>\n<div class=\"wp-block-kadence-column kadence-column24_f1666f-3e\"><div class=\"kt-inside-inner-col\"><style>.wp-block-kadence-advancedheading.kt-adv-heading24_f622c8-f3, .wp-block-kadence-advancedheading.kt-adv-heading24_f622c8-f3[data-kb-block=\"kb-adv-heading24_f622c8-f3\"]{font-size:var(--global-kb-font-size-lg, 2rem);line-height:1.2;font-style:normal;}.wp-block-kadence-advancedheading.kt-adv-heading24_f622c8-f3 mark.kt-highlight, .wp-block-kadence-advancedheading.kt-adv-heading24_f622c8-f3[data-kb-block=\"kb-adv-heading24_f622c8-f3\"] mark.kt-highlight{font-style:normal;color:#f76a0c;-webkit-box-decoration-break:clone;box-decoration-break:clone;padding-top:0px;padding-right:0px;padding-bottom:0px;padding-left:0px;}<\/style>\n<h2 class=\"kt-adv-heading24_f622c8-f3 wp-block-kadence-advancedheading has-theme-palette-3-color has-text-color\" data-kb-block=\"kb-adv-heading24_f622c8-f3\">Dzia\u0142amy na rynku od 2019 roku, stawiamy na ci\u0105g\u0142y rozw\u00f3j.<\/h2>\n\n\n<style>.kb-row-layout-id24_c2c3e0-3d > .kt-row-column-wrap{align-content:start;}:where(.kb-row-layout-id24_c2c3e0-3d > .kt-row-column-wrap) > .wp-block-kadence-column{justify-content:start;}.kb-row-layout-id24_c2c3e0-3d > .kt-row-column-wrap{column-gap:var(--global-kb-gap-md, 2rem);row-gap:var(--global-kb-gap-md, 2rem);padding-top:var(--global-kb-spacing-sm, 1.5rem);padding-bottom:var(--global-kb-spacing-sm, 1.5rem);grid-template-columns:repeat(2, minmax(0, 1fr));}.kb-row-layout-id24_c2c3e0-3d > .kt-row-layout-overlay{opacity:0.30;}@media all and (max-width: 1024px){.kb-row-layout-id24_c2c3e0-3d > .kt-row-column-wrap{grid-template-columns:repeat(2, minmax(0, 1fr));}}@media all and (max-width: 767px){.kb-row-layout-id24_c2c3e0-3d > .kt-row-column-wrap{grid-template-columns:minmax(0, 1fr);}}<\/style><div class=\"kb-row-layout-wrap kb-row-layout-id24_c2c3e0-3d alignnone wp-block-kadence-rowlayout\"><div class=\"kt-row-column-wrap kt-has-2-columns kt-row-layout-equal kt-tab-layout-inherit kt-mobile-layout-row kt-row-valign-top\">\n<style>.kadence-column24_e0b884-a3 > .kt-inside-inner-col,.kadence-column24_e0b884-a3 > .kt-inside-inner-col:before{border-top-left-radius:0px;border-top-right-radius:0px;border-bottom-right-radius:0px;border-bottom-left-radius:0px;}.kadence-column24_e0b884-a3 > .kt-inside-inner-col{column-gap:var(--global-kb-gap-sm, 1rem);}.kadence-column24_e0b884-a3 > .kt-inside-inner-col{flex-direction:column;}.kadence-column24_e0b884-a3 > .kt-inside-inner-col > .aligncenter{width:100%;}.kadence-column24_e0b884-a3 > .kt-inside-inner-col:before{opacity:0.3;}.kadence-column24_e0b884-a3{position:relative;}@media all and (max-width: 1024px){.kadence-column24_e0b884-a3 > .kt-inside-inner-col{flex-direction:column;justify-content:center;}}@media all and (max-width: 767px){.kadence-column24_e0b884-a3 > .kt-inside-inner-col{flex-direction:column;justify-content:center;}}<\/style>\n<div class=\"wp-block-kadence-column kadence-column24_e0b884-a3\"><div class=\"kt-inside-inner-col\"><style>.wp-block-kadence-advancedheading.kt-adv-heading24_a153b9-53, .wp-block-kadence-advancedheading.kt-adv-heading24_a153b9-53[data-kb-block=\"kb-adv-heading24_a153b9-53\"]{font-style:normal;}.wp-block-kadence-advancedheading.kt-adv-heading24_a153b9-53 mark.kt-highlight, .wp-block-kadence-advancedheading.kt-adv-heading24_a153b9-53[data-kb-block=\"kb-adv-heading24_a153b9-53\"] mark.kt-highlight{font-style:normal;color:#f76a0c;-webkit-box-decoration-break:clone;box-decoration-break:clone;padding-top:0px;padding-right:0px;padding-bottom:0px;padding-left:0px;}<\/style>\n<p class=\"kt-adv-heading24_a153b9-53 wp-block-kadence-advancedheading has-theme-palette-3-color has-text-color\" data-kb-block=\"kb-adv-heading24_a153b9-53\">Od samego pocz\u0105tku dzia\u0142alno\u015bci jeste\u015bmy otwarci na nowe mo\u017cliwo\u015bci technologiczne, trendy panuj\u0105ce na rynku. <strong>Wiemy jak wa\u017cne jest stworzenie dla klient\u00f3w mebli i przestrzeni, kt\u00f3re zapewni\u0105 komfort i satysfakcj\u0119.<\/strong> Dom to miejsce szczeg\u00f3lnie wa\u017cne i powinno by\u0107 wyj\u0105tkowe. W firmie poszukujemy ci\u0105g\u0142ych ulepsze\u0144, szukamy szans na rozw\u00f3j. \u015awiat sta\u0142 si\u0119 bardzo dynamiczny a my chcemy za nim nad\u0105\u017cy\u0107 i dodatkowo odci\u0105\u017cy\u0107 naszych klient\u00f3w.<\/p>\n<\/div><\/div>\n\n\n<style>.kadence-column24_6ccf11-c2 > .kt-inside-inner-col,.kadence-column24_6ccf11-c2 > .kt-inside-inner-col:before{border-top-left-radius:0px;border-top-right-radius:0px;border-bottom-right-radius:0px;border-bottom-left-radius:0px;}.kadence-column24_6ccf11-c2 > .kt-inside-inner-col{column-gap:var(--global-kb-gap-sm, 1rem);}.kadence-column24_6ccf11-c2 > .kt-inside-inner-col{flex-direction:column;}.kadence-column24_6ccf11-c2 > .kt-inside-inner-col > .aligncenter{width:100%;}.kadence-column24_6ccf11-c2 > .kt-inside-inner-col:before{opacity:0.3;}.kadence-column24_6ccf11-c2{position:relative;}@media all and (max-width: 1024px){.kadence-column24_6ccf11-c2 > .kt-inside-inner-col{flex-direction:column;justify-content:center;}}@media all and (max-width: 767px){.kadence-column24_6ccf11-c2 > .kt-inside-inner-col{flex-direction:column;justify-content:center;}}<\/style>\n<div class=\"wp-block-kadence-column kadence-column24_6ccf11-c2\"><div class=\"kt-inside-inner-col\"><style>.wp-block-kadence-advancedheading.kt-adv-heading24_307652-37, .wp-block-kadence-advancedheading.kt-adv-heading24_307652-37[data-kb-block=\"kb-adv-heading24_307652-37\"]{font-style:normal;}.wp-block-kadence-advancedheading.kt-adv-heading24_307652-37 mark.kt-highlight, .wp-block-kadence-advancedheading.kt-adv-heading24_307652-37[data-kb-block=\"kb-adv-heading24_307652-37\"] mark.kt-highlight{font-style:normal;color:#f76a0c;-webkit-box-decoration-break:clone;box-decoration-break:clone;padding-top:0px;padding-right:0px;padding-bottom:0px;padding-left:0px;}<\/style>\n<p class=\"kt-adv-heading24_307652-37 wp-block-kadence-advancedheading has-theme-palette-3-color has-text-color\" data-kb-block=\"kb-adv-heading24_307652-37\">Nasz zesp\u00f3\u0142 projektowy dok\u0142ada wszelkich stara\u0144 aby ju\u017c na etapie wizualizacji dok\u0142adnie okre\u015bli\u0107 wst\u0119pny projekt wn\u0119trz  dla klienta. Przez czas funkcjonowania firmy natkn\u0119li\u015bmy si\u0119 na r\u00f3\u017cne problemy natury technicznej dlatego nasze projekty nie tyle co pi\u0119knie wygl\u0105daj\u0105 ale s\u0105 funkcjonalnie i zaprojektowane pod wzgl\u0119dem konstrukcyjnym w prawid\u0142owy spos\u00f3b. <br><\/p>\n<\/div><\/div>\n\n<\/div><\/div><\/div><\/div>\n\n<\/div><\/div><\/div><\/div>\n\n<\/div><\/div>\n\n<style>.kb-row-layout-wrap.wp-block-kadence-rowlayout.kb-row-layout-id24_311f43-d5{margin-bottom:var(--global-kb-spacing-lg, 3rem);}.kb-row-layout-id24_311f43-d5 > .kt-row-column-wrap{align-content:start;}:where(.kb-row-layout-id24_311f43-d5 > .kt-row-column-wrap) > .wp-block-kadence-column{justify-content:start;}.kb-row-layout-id24_311f43-d5 > .kt-row-column-wrap{column-gap:var(--global-kb-gap-md, 2rem);row-gap:var(--global-kb-gap-md, 2rem);max-width:1700px;margin-left:auto;margin-right:auto;padding-top:0px;padding-right:0px;padding-bottom:0px;padding-left:0px;grid-template-columns:minmax(0, 1fr);}.kb-row-layout-id24_311f43-d5{background-image:url('https:\/\/luxuriusmeble.pl\/wp-content\/uploads\/2024\/07\/coffee-table-2023-11-27-05-12-19-utc-Kopiowanie.webp');background-size:cover;background-position:center center;background-attachment:scroll;background-repeat:no-repeat;}.kb-row-layout-id24_311f43-d5 > .kt-row-layout-overlay{opacity:1;}@media all and (max-width: 1024px){.kb-row-layout-id24_311f43-d5 > .kt-row-column-wrap{padding-right:var(--global-kb-spacing-4xl, 8rem);padding-left:var(--global-kb-spacing-4xl, 8rem);grid-template-columns:minmax(0, 1fr);}}@media all and (max-width: 767px){.kb-row-layout-id24_311f43-d5 > .kt-row-column-wrap{padding-right:0px;padding-left:0px;grid-template-columns:minmax(0, 1fr);}}<\/style><div class=\"kb-row-layout-wrap kb-row-layout-id24_311f43-d5 alignnone kt-row-has-bg wp-block-kadence-rowlayout\"><div class=\"kt-row-column-wrap kt-has-1-columns kt-row-layout-equal kt-tab-layout-inherit kt-mobile-layout-row kt-row-valign-top\">\n<style>.kadence-column24_91fbd9-89 > .kt-inside-inner-col,.kadence-column24_91fbd9-89 > .kt-inside-inner-col:before{border-top-left-radius:0px;border-top-right-radius:0px;border-bottom-right-radius:0px;border-bottom-left-radius:0px;}.kadence-column24_91fbd9-89 > .kt-inside-inner-col{column-gap:var(--global-kb-gap-sm, 1rem);}.kadence-column24_91fbd9-89 > .kt-inside-inner-col{flex-direction:column;}.kadence-column24_91fbd9-89 > .kt-inside-inner-col > .aligncenter{width:100%;}.kadence-column24_91fbd9-89 > .kt-inside-inner-col:before{opacity:0.5;}.kadence-column24_91fbd9-89{position:relative;}@media all and (max-width: 1024px){.kadence-column24_91fbd9-89 > .kt-inside-inner-col{flex-direction:column;justify-content:center;}}@media all and (max-width: 767px){.kadence-column24_91fbd9-89 > .kt-inside-inner-col{flex-direction:column;justify-content:center;}}<\/style>\n<div class=\"wp-block-kadence-column kadence-column24_91fbd9-89 kb-section-has-overlay\"><div class=\"kt-inside-inner-col\">\n<div style=\"height:600px\" aria-hidden=\"true\" class=\"wp-block-spacer\"><\/div>\n<\/div><\/div>\n\n<\/div><\/div>","protected":false},"excerpt":{"rendered":"<p>Zesp\u00f3\u0142 Wiemy jak wa\u017cne jest stworzenie dla klient\u00f3w mebli i przestrzeni, kt\u00f3re zapewni\u0105 komfort i satysfakcj\u0119. Dzia\u0142amy na rynku od 2019 roku, stawiamy na ci\u0105g\u0142y rozw\u00f3j. Od samego pocz\u0105tku dzia\u0142alno\u015bci jeste\u015bmy otwarci na nowe mo\u017cliwo\u015bci technologiczne, trendy panuj\u0105ce na rynku. Wiemy jak wa\u017cne jest stworzenie dla klient\u00f3w mebli i przestrzeni, kt\u00f3re zapewni\u0105 komfort i satysfakcj\u0119&#8230;.<\/p>\n","protected":false},"author":1,"featured_media":0,"parent":0,"menu_order":0,"comment_status":"closed","ping_status":"closed","template":"","meta":{"_acf_changed":false,"inline_featured_image":false,"_kad_blocks_custom_css":"","_kad_blocks_head_custom_js":"","_kad_blocks_body_custom_js":"","_kad_blocks_footer_custom_js":"","_kad_post_transparent":"disable","_kad_post_title":"hide","_kad_post_layout":"","_kad_post_sidebar_id":"","_kad_post_content_style":"unboxed","_kad_post_vertical_padding":"hide","_kad_post_feature":"hide","_kad_post_feature_position":"","_kad_post_header":false,"_kad_post_footer":false,"footnotes":""},"class_list":["post-24","page","type-page","status-publish","hentry"],"acf":[],"taxonomy_info":[],"featured_image_src_large":false,"author_info":{"display_name":"michal","author_link":"https:\/\/luxuriusmeble.pl\/author\/michal\/"},"comment_info":0,"_links":{"self":[{"href":"https:\/\/luxuriusmeble.pl\/index.php\/wp-json\/wp\/v2\/pages\/24","targetHints":{"allow":["GET"]}}],"collection":[{"href":"https:\/\/luxuriusmeble.pl\/index.php\/wp-json\/wp\/v2\/pages"}],"about":[{"href":"https:\/\/luxuriusmeble.pl\/index.php\/wp-json\/wp\/v2\/types\/page"}],"author":[{"embeddable":true,"href":"https:\/\/luxuriusmeble.pl\/index.php\/wp-json\/wp\/v2\/users\/1"}],"replies":[{"embeddable":true,"href":"https:\/\/luxuriusmeble.pl\/index.php\/wp-json\/wp\/v2\/comments?post=24"}],"version-history":[{"count":12,"href":"https:\/\/luxuriusmeble.pl\/index.php\/wp-json\/wp\/v2\/pages\/24\/revisions"}],"predecessor-version":[{"id":713,"href":"https:\/\/luxuriusmeble.pl\/index.php\/wp-json\/wp\/v2\/pages\/24\/revisions\/713"}],"wp:attachment":[{"href":"https:\/\/luxuriusmeble.pl\/index.php\/wp-json\/wp\/v2\/media?parent=24"}],"curies":[{"name":"wp","href":"https:\/\/api.w.org\/{rel}","templated":true}]}}